{"id":691,"date":"2021-06-02T15:02:36","date_gmt":"2021-06-02T15:02:36","guid":{"rendered":"https:\/\/pbgproduction.com\/?page_id=691"},"modified":"2023-01-18T10:03:33","modified_gmt":"2023-01-18T10:03:33","slug":"nos-solutions","status":"publish","type":"page","link":"https:\/\/pbgproduction.com\/index.php\/nos-solutions\/","title":{"rendered":"Nos solutions"},"content":{"rendered":"\n<div class=\"wp-block-cover alignfull is-light\" style=\"min-height:450px;aspect-ratio:unset;\"><span aria-hidden=\"true\" class=\"wp-block-cover__background has-background-dim-20 has-background-dim\"><\/span><img loading=\"lazy\" decoding=\"async\" width=\"2195\" height=\"1463\" class=\"wp-block-cover__image-background wp-image-763\" alt=\"\" src=\"http:\/\/pbgproduction.com\/wp-content\/uploads\/2021\/06\/3-scaled-e1624267580401.jpg\" style=\"object-position:50% 99%\" data-object-fit=\"cover\" data-object-position=\"50% 99%\" srcset=\"https:\/\/pbgproduction.com\/wp-content\/uploads\/2021\/06\/3-scaled-e1624267580401.jpg 2195w, https:\/\/pbgproduction.com\/wp-content\/uploads\/2021\/06\/3-scaled-e1624267580401-300x200.jpg 300w, https:\/\/pbgproduction.com\/wp-content\/uploads\/2021\/06\/3-scaled-e1624267580401-1024x683.jpg 1024w, https:\/\/pbgproduction.com\/wp-content\/uploads\/2021\/06\/3-scaled-e1624267580401-768x512.jpg 768w, https:\/\/pbgproduction.com\/wp-content\/uploads\/2021\/06\/3-scaled-e1624267580401-1536x1024.jpg 1536w, https:\/\/pbgproduction.com\/wp-content\/uploads\/2021\/06\/3-scaled-e1624267580401-2048x1365.jpg 2048w\" sizes=\"auto, (max-width: 2195px) 100vw, 2195px\" \/><div class=\"wp-block-cover__inner-container is-layout-flow wp-block-cover-is-layout-flow\">\n<h1 class=\"has-text-align-center has-white-color has-text-color wp-block-heading\">Solutions<\/h1>\n\n\n\n<p class=\"has-text-align-center has-white-color has-text-color has-large-font-size\">Production et conseil strat\u00e9gique en audiovisuel<\/p>\n<\/div><\/div>\n\n\n\n<div style=\"height:50px\" aria-hidden=\"true\" class=\"wp-block-spacer\"><\/div>\n\n\n\n<figure class=\"wp-block-image size-large\"><img loading=\"lazy\" decoding=\"async\" width=\"42\" height=\"42\" src=\"http:\/\/pbgproduction.com\/wp-content\/uploads\/2021\/06\/198768618_549146179433620_8448944999731457747_n.png\" alt=\"\" class=\"wp-image-719\"\/><\/figure>\n\n\n\n<h2 class=\"has-black-color has-text-color wp-block-heading\">Production audiovisuelle<\/h2>\n\n\n\n<p class=\"has-medium-font-size\">C&rsquo;est le c\u0153ur de notre m\u00e9tier : organiser et r\u00e9aliser vos projets audiovisuels<\/p>\n\n\n\n<div class=\"wp-block-columns is-layout-flex wp-container-core-columns-is-layout-28f84493 wp-block-columns-is-layout-flex\">\n<div class=\"wp-block-column is-layout-flow wp-block-column-is-layout-flow\" style=\"flex-basis:100%\">\n<div style=\"height:50px\" aria-hidden=\"true\" class=\"wp-block-spacer\"><\/div>\n<\/div>\n<\/div>\n\n\n\n<div class=\"wp-block-media-text has-media-on-the-right is-stacked-on-mobile is-image-fill\" style=\"grid-template-columns:auto 48%\"><div class=\"wp-block-media-text__content\">\n<div class=\"wp-block-columns is-layout-flex wp-container-core-columns-is-layout-28f84493 wp-block-columns-is-layout-flex\">\n<div class=\"wp-block-column is-layout-flow wp-block-column-is-layout-flow\" style=\"flex-basis:100%\">\n<h4 class=\"has-black-color has-text-color wp-block-heading\">Filmer et diffuser en Direct<\/h4>\n<\/div>\n<\/div>\n\n\n\n<p>Aujourd&rsquo;hui la diffusion en LIVE est devenue la pierre angulaire de la promotion d&rsquo;un \u00e9v\u00e9nement. Sur votre site internet, sur Twitch, Facebook, Youtube ou m\u00eame \u00e0 la t\u00e9l\u00e9vision, nous pouvons capter et diffuser pour tous les canaux de diffusion. <\/p>\n\n\n\n<p>Notre large r\u00e9seau de partenaire nous permet d&rsquo;intervenir sur une grande diversit\u00e9 de projets, avec des moyens l\u00e9gers, comme pour une interview avec un seul cadreur, ou avec des organisations beaucoup plus cons\u00e9quentes n\u00e9cessitant un car r\u00e9gie et de multiples cam\u00e9ras. <\/p>\n\n\n\n<p>Une seule chose \u00e0 retenir : tout est possible sur tous les terrains<\/p>\n<\/div><figure class=\"wp-block-media-text__media\" style=\"background-image:url(http:\/\/pbgproduction.com\/wp-content\/uploads\/2021\/06\/6-1024x585.jpg);background-position:50% 50%\"><img loading=\"lazy\" decoding=\"async\" width=\"1024\" height=\"585\" src=\"http:\/\/pbgproduction.com\/wp-content\/uploads\/2021\/06\/6-1024x585.jpg\" alt=\"\" class=\"wp-image-766 size-full\" srcset=\"https:\/\/pbgproduction.com\/wp-content\/uploads\/2021\/06\/6-1024x585.jpg 1024w, https:\/\/pbgproduction.com\/wp-content\/uploads\/2021\/06\/6-300x171.jpg 300w, https:\/\/pbgproduction.com\/wp-content\/uploads\/2021\/06\/6-768x439.jpg 768w, https:\/\/pbgproduction.com\/wp-content\/uploads\/2021\/06\/6-1536x878.jpg 1536w, https:\/\/pbgproduction.com\/wp-content\/uploads\/2021\/06\/6-2048x1170.jpg 2048w\" sizes=\"auto, (max-width: 1024px) 100vw, 1024px\" \/><\/figure><\/div>\n\n\n\n<div style=\"height:100px\" aria-hidden=\"true\" class=\"wp-block-spacer\"><\/div>\n\n\n\n<div class=\"wp-block-columns is-layout-flex wp-container-core-columns-is-layout-28f84493 wp-block-columns-is-layout-flex\">\n<div class=\"wp-block-column is-layout-flow wp-block-column-is-layout-flow\">\n<h4 class=\"wp-block-heading\">R\u00e9aliser une vid\u00e9o<\/h4>\n\n\n\n<p>Vous souhaitez r\u00e9aliser un film pour promouvoir un \u00e9v\u00e9nement, un territoire ou une marque ? Nous sommes l\u00e0 pour vous accompagner, concevoir et mettre en place les moyens de productions n\u00e9cessaires et atteindre vos objectifs<\/p>\n<\/div>\n\n\n\n<div class=\"wp-block-column is-layout-flow wp-block-column-is-layout-flow\">\n<h4 class=\"wp-block-heading\">Terrain alpin <\/h4>\n\n\n\n<p>Vous avez un projet de film en altitude ou tout simplement en dehors des sentiers battus ? Nous avons les comp\u00e9tences techniques pour filmer sur tous les terrains <\/p>\n<\/div>\n\n\n\n<div class=\"wp-block-column is-layout-flow wp-block-column-is-layout-flow\">\n<h4 class=\"wp-block-heading\">institutionnel<\/h4>\n\n\n\n<p>Un \u00e9v\u00e9nement politique ? Un salon crucial en phygital ? Un s\u00e9minaire d\u00e9terminant pour votre saison ? Nous nous chargeons de tout pour vous : script, captation et montage de votre vid\u00e9o institutionnelle <\/p>\n<\/div>\n<\/div>\n\n\n\n<div style=\"height:50px\" aria-hidden=\"true\" class=\"wp-block-spacer\"><\/div>\n\n\n\n<figure class=\"wp-block-image size-large\"><img loading=\"lazy\" decoding=\"async\" width=\"42\" height=\"42\" src=\"http:\/\/pbgproduction.com\/wp-content\/uploads\/2021\/06\/198768618_549146179433620_8448944999731457747_n.png\" alt=\"\" class=\"wp-image-719\"\/><\/figure>\n\n\n\n<h2 class=\"has-black-color has-text-color wp-block-heading\">Conseil strat\u00e9gique <\/h2>\n\n\n\n<p class=\"has-medium-font-size\">Ce sont tous les petits plus que l&rsquo;on peut faire pour vous aider \u00e0 r\u00e9aliser votre \u00e9v\u00e9nement <\/p>\n\n\n\n<div style=\"height:50px\" aria-hidden=\"true\" class=\"wp-block-spacer\"><\/div>\n\n\n\n<div class=\"wp-block-media-text has-media-on-the-right is-stacked-on-mobile\" style=\"grid-template-columns:auto 44%\"><div class=\"wp-block-media-text__content\">\n<div class=\"wp-block-columns is-layout-flex wp-container-core-columns-is-layout-28f84493 wp-block-columns-is-layout-flex\">\n<div class=\"wp-block-column is-layout-flow wp-block-column-is-layout-flow\" style=\"flex-basis:50%\">\n<h4 class=\"has-black-color has-text-color wp-block-heading\"> Gestion de projets<\/h4>\n<\/div>\n<\/div>\n\n\n\n<p>Nous vous aidons \u00e0 planifier, concevoir et organiser votre strat\u00e9gie de communication en vous apportant notre comp\u00e9tence et nos savoirs faire audiovisuels. L&rsquo;image est au c\u0153ur de votre \u00e9v\u00e9nement, anticiper sa production et sa diffusion peut vraiment faire la diff\u00e9rence !<\/p>\n<\/div><figure class=\"wp-block-media-text__media\"><img loading=\"lazy\" decoding=\"async\" width=\"1024\" height=\"683\" src=\"http:\/\/pbgproduction.com\/wp-content\/uploads\/2021\/06\/1-scaled-e1624269815642-1024x683.jpg\" alt=\"\" class=\"wp-image-761 size-full\" srcset=\"https:\/\/pbgproduction.com\/wp-content\/uploads\/2021\/06\/1-scaled-e1624269815642-1024x683.jpg 1024w, https:\/\/pbgproduction.com\/wp-content\/uploads\/2021\/06\/1-scaled-e1624269815642-300x200.jpg 300w, https:\/\/pbgproduction.com\/wp-content\/uploads\/2021\/06\/1-scaled-e1624269815642-768x512.jpg 768w, https:\/\/pbgproduction.com\/wp-content\/uploads\/2021\/06\/1-scaled-e1624269815642-1536x1024.jpg 1536w, https:\/\/pbgproduction.com\/wp-content\/uploads\/2021\/06\/1-scaled-e1624269815642-2048x1365.jpg 2048w\" sizes=\"auto, (max-width: 1024px) 100vw, 1024px\" \/><\/figure><\/div>\n\n\n\n<div style=\"height:100px\" aria-hidden=\"true\" class=\"wp-block-spacer\"><\/div>\n\n\n\n<div class=\"wp-block-columns has-white-background-color has-background is-layout-flex wp-container-core-columns-is-layout-28f84493 wp-block-columns-is-layout-flex\">\n<div class=\"wp-block-column is-layout-flow wp-block-column-is-layout-flow\" style=\"flex-basis:40%\">\n<h4 class=\"wp-block-heading\">Optimisation des r\u00e9seaux sociaux<\/h4>\n\n\n\n<p>Conception et organisation d&rsquo;une strat\u00e9gie sp\u00e9cifique pour vos r\u00e9seaux sociaux, avant, pendant et post \u00e9v\u00e9nement pour une communication digitale adapt\u00e9 \u00e0 votre audience et aux images<\/p>\n<\/div>\n\n\n\n<div class=\"wp-block-column is-layout-flow wp-block-column-is-layout-flow\" style=\"flex-basis:10%\"><\/div>\n\n\n\n<div class=\"wp-block-column is-layout-flow wp-block-column-is-layout-flow\" style=\"flex-basis:40%\">\n<h4 class=\"wp-block-heading\">Graphisme<\/h4>\n\n\n\n<p>Une charte graphique, une affiche, un logo ? Profitez de nos comp\u00e9tences strat\u00e9giques et techniques pour booster votre communication et gagner en pertinence vis \u00e0 vis de vos objectifs. Nos graphistes poss\u00e8dent tous des styles tr\u00e8s diff\u00e9rents et sauront vous inspirer<\/p>\n<\/div>\n<\/div>\n\n\n\n<div style=\"height:50px\" aria-hidden=\"true\" class=\"wp-block-spacer\"><\/div>\n\n\n\n<hr class=\"wp-block-separator has-text-color has-vivid-red-color has-css-opacity has-vivid-red-background-color has-background is-style-dots\"\/>\n\n\n\n<div style=\"height:50px\" aria-hidden=\"true\" class=\"wp-block-spacer\"><\/div>\n\n\n\n<h2 class=\"wp-block-heading\">Contactez nous \ud83d\ude42<\/h2>\n\n\n<div class=\"wpforms-container \" id=\"wpforms-4\"><form id=\"wpforms-form-4\" class=\"wpforms-validate wpforms-form\" data-formid=\"4\" method=\"post\" enctype=\"multipart\/form-data\" action=\"\/index.php\/wp-json\/wp\/v2\/pages\/691\" data-token=\"296f15549b98a38ad652069ffe3bc5c5\"><noscript class=\"wpforms-error-noscript\">Veuillez activer JavaScript dans votre navigateur pour remplir ce formulaire.<\/noscript><div class=\"wpforms-field-container\"><div id=\"wpforms-4-field_0-container\" class=\"wpforms-field wpforms-field-name\" data-field-id=\"0\"><label class=\"wpforms-field-label\" for=\"wpforms-4-field_0\">Nom <span class=\"wpforms-required-label\">*<\/span><\/label><div class=\"wpforms-field-row wpforms-field-medium\"><div class=\"wpforms-field-row-block wpforms-first wpforms-one-half\"><input type=\"text\" id=\"wpforms-4-field_0\" class=\"wpforms-field-name-first wpforms-field-required\" name=\"wpforms[fields][0][first]\" required><label for=\"wpforms-4-field_0\" class=\"wpforms-field-sublabel after \">Pr\u00e9nom<\/label><\/div><div class=\"wpforms-field-row-block wpforms-one-half\"><input type=\"text\" id=\"wpforms-4-field_0-last\" class=\"wpforms-field-name-last wpforms-field-required\" name=\"wpforms[fields][0][last]\" required><label for=\"wpforms-4-field_0-last\" class=\"wpforms-field-sublabel after \">Nom<\/label><\/div><\/div><\/div><div id=\"wpforms-4-field_1-container\" class=\"wpforms-field wpforms-field-email\" data-field-id=\"1\"><label class=\"wpforms-field-label\" for=\"wpforms-4-field_1\">E-mail <span class=\"wpforms-required-label\">*<\/span><\/label><input type=\"email\" id=\"wpforms-4-field_1\" class=\"wpforms-field-medium wpforms-field-required\" name=\"wpforms[fields][1]\" required><\/div><div id=\"wpforms-4-field_2-container\" class=\"wpforms-field wpforms-field-textarea\" data-field-id=\"2\"><label class=\"wpforms-field-label\" for=\"wpforms-4-field_2\">Commentaire ou message<\/label><textarea id=\"wpforms-4-field_2\" class=\"wpforms-field-medium\" name=\"wpforms[fields][2]\" ><\/textarea><\/div><\/div><div class=\"wpforms-recaptcha-container wpforms-is-recaptcha\"><div class=\"g-recaptcha\" data-sitekey=\"6LeOywgkAAAAAKpVGLMqOWszdOVXN4vG4_HARU1p\"><\/div><input type=\"text\" name=\"g-recaptcha-hidden\" class=\"wpforms-recaptcha-hidden\" style=\"position:absolute!important;clip:rect(0,0,0,0)!important;height:1px!important;width:1px!important;border:0!important;overflow:hidden!important;padding:0!important;margin:0!important;\" required><\/div><div class=\"wpforms-submit-container\"><input type=\"hidden\" name=\"wpforms[id]\" value=\"4\"><input type=\"hidden\" name=\"wpforms[author]\" value=\"1\"><button type=\"submit\" name=\"wpforms[submit]\" id=\"wpforms-submit-4\" class=\"wpforms-submit\" data-alt-text=\"Sending...\" data-submit-text=\"Envoyer\" aria-live=\"assertive\" value=\"wpforms-submit\">Envoyer<\/button><\/div><\/form><\/div>  <!-- .wpforms-container -->\n\n\n<div class=\"wp-block-group alignfull has-white-background-color has-background is-layout-flow wp-block-group-is-layout-flow\"><div class=\"wp-block-group__inner-container\">\n<p>Pour en savoir plus sur nous c&rsquo;est <a href=\"https:\/\/pbgproduction.com\/index.php\/apropos\/\">ici !<\/a><\/p>\n<\/div><\/div>\n","protected":false},"excerpt":{"rendered":"<p>Production audiovisuelle C&rsquo;est le c\u0153ur de notre m\u00e9tier : organiser et r\u00e9aliser vos projets audiovisuels R\u00e9aliser une vid\u00e9o Vous souhaitez r\u00e9aliser un film pour promouvoir un \u00e9v\u00e9nement, un territoire ou une marque ? Nous sommes l\u00e0 pour vous accompagner, concevoir et mettre en place les moyens de productions n\u00e9cessaires et atteindre vos objectifs Terrain alpin &hellip;<\/p>\n<p class=\"read-more\"> <a class=\"\" href=\"https:\/\/pbgproduction.com\/index.php\/nos-solutions\/\"> <span class=\"screen-reader-text\">Nos solutions<\/span> Lire la suite\u00a0\u00bb<\/a><\/p>\n","protected":false},"author":1,"featured_media":0,"parent":0,"menu_order":0,"comment_status":"closed","ping_status":"closed","template":"","meta":{"om_disable_all_campaigns":false,"_mi_skip_tracking":false,"site-sidebar-layout":"no-sidebar","site-content-layout":"plain-container","ast-global-header-display":"","ast-main-header-display":"","ast-hfb-above-header-display":"","ast-hfb-below-header-display":"","ast-hfb-mobile-header-display":"","site-post-title":"disabled","ast-breadcrumbs-content":"","ast-featured-img":"disabled","footer-sml-layout":"","theme-transparent-header-meta":"enabled","adv-header-id-meta":"","stick-header-meta":"","header-above-stick-meta":"","header-main-stick-meta":"","header-below-stick-meta":"","footnotes":""},"class_list":["post-691","page","type-page","status-publish","hentry"],"aioseo_notices":[],"_links":{"self":[{"href":"https:\/\/pbgproduction.com\/index.php\/wp-json\/wp\/v2\/pages\/691","targetHints":{"allow":["GET"]}}],"collection":[{"href":"https:\/\/pbgproduction.com\/index.php\/wp-json\/wp\/v2\/pages"}],"about":[{"href":"https:\/\/pbgproduction.com\/index.php\/wp-json\/wp\/v2\/types\/page"}],"author":[{"embeddable":true,"href":"https:\/\/pbgproduction.com\/index.php\/wp-json\/wp\/v2\/users\/1"}],"replies":[{"embeddable":true,"href":"https:\/\/pbgproduction.com\/index.php\/wp-json\/wp\/v2\/comments?post=691"}],"version-history":[{"count":74,"href":"https:\/\/pbgproduction.com\/index.php\/wp-json\/wp\/v2\/pages\/691\/revisions"}],"predecessor-version":[{"id":1008,"href":"https:\/\/pbgproduction.com\/index.php\/wp-json\/wp\/v2\/pages\/691\/revisions\/1008"}],"wp:attachment":[{"href":"https:\/\/pbgproduction.com\/index.php\/wp-json\/wp\/v2\/media?parent=691"}],"curies":[{"name":"wp","href":"https:\/\/api.w.org\/{rel}","templated":true}]}}