{"id":297,"date":"2020-09-30T03:04:47","date_gmt":"2020-09-30T03:04:47","guid":{"rendered":"http:\/\/pbgproduction.com\/index.php\/about-us\/"},"modified":"2023-01-18T09:59:30","modified_gmt":"2023-01-18T09:59:30","slug":"apropos","status":"publish","type":"page","link":"https:\/\/pbgproduction.com\/index.php\/apropos\/","title":{"rendered":"A propos de nous"},"content":{"rendered":"\n<div class=\"wp-block-cover alignfull is-light\" style=\"min-height:450px;aspect-ratio:unset;\"><span aria-hidden=\"true\" class=\"wp-block-cover__background has-background-dim-10 has-background-dim\"><\/span><img loading=\"lazy\" decoding=\"async\" width=\"2195\" height=\"1463\" class=\"wp-block-cover__image-background wp-image-754\" alt=\"\" src=\"http:\/\/pbgproduction.com\/wp-content\/uploads\/2021\/06\/11-scaled-e1624274108380.jpg\" style=\"object-position:48% 36%\" data-object-fit=\"cover\" data-object-position=\"48% 36%\" srcset=\"https:\/\/pbgproduction.com\/wp-content\/uploads\/2021\/06\/11-scaled-e1624274108380.jpg 2195w, https:\/\/pbgproduction.com\/wp-content\/uploads\/2021\/06\/11-scaled-e1624274108380-300x200.jpg 300w, https:\/\/pbgproduction.com\/wp-content\/uploads\/2021\/06\/11-scaled-e1624274108380-1024x683.jpg 1024w, https:\/\/pbgproduction.com\/wp-content\/uploads\/2021\/06\/11-scaled-e1624274108380-768x512.jpg 768w, https:\/\/pbgproduction.com\/wp-content\/uploads\/2021\/06\/11-scaled-e1624274108380-1536x1024.jpg 1536w, https:\/\/pbgproduction.com\/wp-content\/uploads\/2021\/06\/11-scaled-e1624274108380-2048x1365.jpg 2048w\" sizes=\"auto, (max-width: 2195px) 100vw, 2195px\" \/><div class=\"wp-block-cover__inner-container is-layout-flow wp-block-cover-is-layout-flow\">\n<h1 class=\"has-text-align-center has-white-color has-text-color wp-block-heading\">A propos de nous<\/h1>\n\n\n\n<p class=\"has-text-align-center\">PBG production est une agence de production audiovisuelle <\/p>\n<\/div><\/div>\n\n\n\n<hr class=\"wp-block-separator has-css-opacity\"\/>\n\n\n\n<div class=\"wp-block-group alignfull has-white-background-color has-background is-layout-flow wp-block-group-is-layout-flow\"><div class=\"wp-block-group__inner-container\"><\/div><\/div>\n\n\n\n<div class=\"wp-block-group alignfull has-background is-layout-flow wp-block-group-is-layout-flow\" style=\"background:linear-gradient(180deg,rgb(248,248,251) 0%,rgb(255,255,255) 100%)\"><div class=\"wp-block-group__inner-container\">\n<figure class=\"wp-block-image aligncenter size-large\"><img loading=\"lazy\" decoding=\"async\" width=\"42\" height=\"42\" src=\"http:\/\/pbgproduction.com\/wp-content\/uploads\/2021\/06\/198768618_549146179433620_8448944999731457747_n.png\" alt=\"\" class=\"wp-image-719\"\/><\/figure>\n\n\n\n<h2 class=\"has-text-align-center wp-block-heading\">Notre equipe<\/h2>\n\n\n\n<p class=\"has-text-align-center\"><em>Chez PBG production nous allions comp\u00e9tences \u00e9v\u00e9nementielles et techniques pour vous offrir le meilleur de l&rsquo;audiovisuel au service de votre projet<\/em> <\/p>\n<\/div><\/div>\n\n\n\n<div class=\"wp-block-columns is-layout-flex wp-container-core-columns-is-layout-28f84493 wp-block-columns-is-layout-flex\">\n<div class=\"wp-block-column is-layout-flow wp-block-column-is-layout-flow\" style=\"flex-basis:33.33%\">\n<figure class=\"wp-block-image size-large\"><img loading=\"lazy\" decoding=\"async\" width=\"683\" height=\"1024\" src=\"http:\/\/pbgproduction.com\/wp-content\/uploads\/2021\/09\/IMG_1813-ter-2-683x1024.png\" alt=\"\" class=\"wp-image-947\" srcset=\"https:\/\/pbgproduction.com\/wp-content\/uploads\/2021\/09\/IMG_1813-ter-2-683x1024.png 683w, https:\/\/pbgproduction.com\/wp-content\/uploads\/2021\/09\/IMG_1813-ter-2-200x300.png 200w, https:\/\/pbgproduction.com\/wp-content\/uploads\/2021\/09\/IMG_1813-ter-2-768x1152.png 768w, https:\/\/pbgproduction.com\/wp-content\/uploads\/2021\/09\/IMG_1813-ter-2-1024x1536.png 1024w, https:\/\/pbgproduction.com\/wp-content\/uploads\/2021\/09\/IMG_1813-ter-2-1365x2048.png 1365w, https:\/\/pbgproduction.com\/wp-content\/uploads\/2021\/09\/IMG_1813-ter-2.png 1624w\" sizes=\"auto, (max-width: 683px) 100vw, 683px\" \/><\/figure>\n<\/div>\n\n\n\n<div class=\"wp-block-column is-layout-flow wp-block-column-is-layout-flow\" style=\"flex-basis:66.66%\">\n<h2 class=\"alignwide wp-block-heading\">Pierre<\/h2>\n\n\n\n<p class=\"has-medium-font-size\"><em>L&rsquo;expert image <\/em><\/p>\n\n\n\n<p>Sp\u00e9cialiste de l\u2019image depuis 18 ans, il a travaill\u00e9 sur toutes les formes de projets audiovisuels : \u00e9missions, concerts, comp\u00e9titions sportives internationales, \u00e9v\u00e9nements institutionnels. Il a l&rsquo;\u0153il, le souci du d\u00e9tail, une vision cr\u00e9ative et une vraie exp\u00e9rience &#8230; \u00e0 partager avec vous !<\/p>\n<\/div>\n<\/div>\n\n\n\n<div class=\"wp-block-columns is-layout-flex wp-container-core-columns-is-layout-28f84493 wp-block-columns-is-layout-flex\">\n<div class=\"wp-block-column is-layout-flow wp-block-column-is-layout-flow\" style=\"flex-basis:66.66%\">\n<h2 class=\"has-text-align-right wp-block-heading\">Baptiste<\/h2>\n\n\n\n<p class=\"has-text-align-right has-medium-font-size\"><em>Le sp\u00e9cialiste des \u00e9v\u00e9nements<\/em><\/p>\n\n\n\n<p>Organisateur, sponsor, prestataire ou partenaire, Baptiste a essay\u00e9 toutes les casquettes de l&rsquo;\u00e9v\u00e9nementiel pour \u00eatre au plus pr\u00e8s de vos probl\u00e9matiques. Il sera votre interlocuteur lors de la construction de votre projet !<\/p>\n<\/div>\n\n\n\n<div class=\"wp-block-column is-layout-flow wp-block-column-is-layout-flow\" style=\"flex-basis:33.33%\">\n<figure class=\"wp-block-image alignright size-large\"><img loading=\"lazy\" decoding=\"async\" width=\"770\" height=\"1024\" src=\"http:\/\/pbgproduction.com\/wp-content\/uploads\/2021\/08\/IMG_1894-bis-770x1024.jpg\" alt=\"\" class=\"wp-image-943\" srcset=\"https:\/\/pbgproduction.com\/wp-content\/uploads\/2021\/08\/IMG_1894-bis-770x1024.jpg 770w, https:\/\/pbgproduction.com\/wp-content\/uploads\/2021\/08\/IMG_1894-bis-226x300.jpg 226w, https:\/\/pbgproduction.com\/wp-content\/uploads\/2021\/08\/IMG_1894-bis-768x1021.jpg 768w, https:\/\/pbgproduction.com\/wp-content\/uploads\/2021\/08\/IMG_1894-bis-1155x1536.jpg 1155w, https:\/\/pbgproduction.com\/wp-content\/uploads\/2021\/08\/IMG_1894-bis-1541x2048.jpg 1541w, https:\/\/pbgproduction.com\/wp-content\/uploads\/2021\/08\/IMG_1894-bis-scaled.jpg 1926w\" sizes=\"auto, (max-width: 770px) 100vw, 770px\" \/><\/figure>\n\n\n\n<div style=\"height:9px\" aria-hidden=\"true\" class=\"wp-block-spacer\"><\/div>\n<\/div>\n<\/div>\n\n\n\n<div class=\"wp-block-group alignfull has-background is-layout-flow wp-block-group-is-layout-flow\" style=\"background:linear-gradient(180deg,rgb(248,248,251) 0%,rgb(255,255,255) 100%)\"><div class=\"wp-block-group__inner-container\">\n<figure class=\"wp-block-image aligncenter size-large\"><img loading=\"lazy\" decoding=\"async\" width=\"42\" height=\"42\" src=\"http:\/\/pbgproduction.com\/wp-content\/uploads\/2021\/06\/198768618_549146179433620_8448944999731457747_n.png\" alt=\"\" class=\"wp-image-719\"\/><\/figure>\n\n\n\n<h2 class=\"has-text-align-center wp-block-heading\">Nos valeurs<\/h2>\n\n\n\n<p class=\"has-text-align-center\"><em><a href=\"https:\/\/pbgproduction.com\/\">PBG production<\/a> c&rsquo;est avant tout deux amis qui se sont associ\u00e9s avec l&rsquo;ambition de mettre leurs comp\u00e9tences<\/em> <em>au service de vos ambitions <\/em><\/p>\n<\/div><\/div>\n\n\n\n<div class=\"wp-block-columns is-layout-flex wp-container-core-columns-is-layout-28f84493 wp-block-columns-is-layout-flex\">\n<div class=\"wp-block-column is-layout-flow wp-block-column-is-layout-flow\">\n<div class=\"wp-block-group is-layout-flow wp-block-group-is-layout-flow\"><div class=\"wp-block-group__inner-container\">\n<h4 class=\"wp-block-heading\">Construire sur la dur\u00e9e<\/h4>\n\n\n\n<p>D\u00e9velopper une relation de confiance bas\u00e9 sur la transparence et la qualit\u00e9 de notre travail<\/p>\n<\/div><\/div>\n<\/div>\n\n\n\n<div class=\"wp-block-column is-layout-flow wp-block-column-is-layout-flow\">\n<div class=\"wp-block-group has-white-background-color has-background is-layout-flow wp-block-group-is-layout-flow\"><div class=\"wp-block-group__inner-container\">\n<h4 class=\"wp-block-heading\">S&rsquo;adapter \u00e0 nos partenaires<\/h4>\n\n\n\n<p>Votre \u00e9v\u00e9nement, votre projet ne ressemble \u00e0 aucun autre. Nos <a href=\"https:\/\/pbgproduction.com\/index.php\/nos-solutions\/\">solutions<\/a> sont donc sur mesure<\/p>\n<\/div><\/div>\n<\/div>\n\n\n\n<div class=\"wp-block-column is-layout-flow wp-block-column-is-layout-flow\">\n<div class=\"wp-block-group has-white-background-color has-background is-layout-flow wp-block-group-is-layout-flow\"><div class=\"wp-block-group__inner-container\">\n<h4 class=\"wp-block-heading\">Fun but serious<\/h4>\n\n\n\n<p>Ce n&rsquo;est pas parce que notre travail l&rsquo;est, qu&rsquo;on est oblig\u00e9 de se prendre au s\u00e9rieux \ud83d\ude42<\/p>\n<\/div><\/div>\n<\/div>\n<\/div>\n\n\n\n<hr class=\"wp-block-separator has-css-opacity is-style-wide\"\/>\n\n\n\n<div class=\"wp-block-group alignfull has-white-background-color has-background is-layout-flow wp-block-group-is-layout-flow\"><div class=\"wp-block-group__inner-container\">\n<div class=\"wp-block-columns alignfull is-layout-flex wp-container-core-columns-is-layout-28f84493 wp-block-columns-is-layout-flex\">\n<div class=\"wp-block-column is-layout-flow wp-block-column-is-layout-flow\" style=\"flex-basis:15%\">\n<div class=\"wp-block-group is-layout-flow wp-block-group-is-layout-flow\"><div class=\"wp-block-group__inner-container\">\n<figure class=\"wp-block-image aligncenter size-full\"><img loading=\"lazy\" decoding=\"async\" width=\"369\" height=\"192\" src=\"http:\/\/pbgproduction.com\/wp-content\/uploads\/2023\/01\/LogoMasterSest.webp\" alt=\"\" class=\"wp-image-998\" srcset=\"https:\/\/pbgproduction.com\/wp-content\/uploads\/2023\/01\/LogoMasterSest.webp 369w, https:\/\/pbgproduction.com\/wp-content\/uploads\/2023\/01\/LogoMasterSest-300x156.webp 300w\" sizes=\"auto, (max-width: 369px) 100vw, 369px\" \/><\/figure>\n<\/div><\/div>\n\n\n\n<div class=\"wp-block-group is-layout-flow wp-block-group-is-layout-flow\"><div class=\"wp-block-group__inner-container\">\n<figure class=\"wp-block-image aligncenter size-full\"><img loading=\"lazy\" decoding=\"async\" width=\"290\" height=\"124\" src=\"http:\/\/pbgproduction.com\/wp-content\/uploads\/2023\/01\/logo.png\" alt=\"\" class=\"wp-image-996\"\/><\/figure>\n<\/div><\/div>\n<\/div>\n\n\n\n<div class=\"wp-block-column is-vertically-aligned-center is-layout-flow wp-block-column-is-layout-flow\" style=\"flex-basis:15%\">\n<div class=\"wp-block-group is-layout-flow wp-block-group-is-layout-flow\"><div class=\"wp-block-group__inner-container\">\n<figure class=\"wp-block-image aligncenter size-full\"><img loading=\"lazy\" decoding=\"async\" width=\"750\" height=\"494\" src=\"http:\/\/pbgproduction.com\/wp-content\/uploads\/2023\/01\/e6f2bef9-16f7-45e6-b114-e5cfed58d147.jpg\" alt=\"\" class=\"wp-image-997\" srcset=\"https:\/\/pbgproduction.com\/wp-content\/uploads\/2023\/01\/e6f2bef9-16f7-45e6-b114-e5cfed58d147.jpg 750w, https:\/\/pbgproduction.com\/wp-content\/uploads\/2023\/01\/e6f2bef9-16f7-45e6-b114-e5cfed58d147-300x198.jpg 300w\" sizes=\"auto, (max-width: 750px) 100vw, 750px\" \/><\/figure>\n<\/div><\/div>\n\n\n\n<div class=\"wp-block-group is-layout-flow wp-block-group-is-layout-flow\"><div class=\"wp-block-group__inner-container\">\n<figure class=\"wp-block-image aligncenter size-full\"><img loading=\"lazy\" decoding=\"async\" width=\"397\" height=\"201\" src=\"http:\/\/pbgproduction.com\/wp-content\/uploads\/2023\/01\/logo4.png\" alt=\"\" class=\"wp-image-992\" srcset=\"https:\/\/pbgproduction.com\/wp-content\/uploads\/2023\/01\/logo4.png 397w, https:\/\/pbgproduction.com\/wp-content\/uploads\/2023\/01\/logo4-300x152.png 300w\" sizes=\"auto, (max-width: 397px) 100vw, 397px\" \/><\/figure>\n<\/div><\/div>\n<\/div>\n\n\n\n<div class=\"wp-block-column is-vertically-aligned-center is-layout-flow wp-block-column-is-layout-flow\" style=\"flex-basis:15%\">\n<div class=\"wp-block-group is-layout-flow wp-block-group-is-layout-flow\"><div class=\"wp-block-group__inner-container\">\n<figure class=\"wp-block-image aligncenter size-full\"><img loading=\"lazy\" decoding=\"async\" width=\"310\" height=\"163\" src=\"http:\/\/pbgproduction.com\/wp-content\/uploads\/2023\/01\/telechargement.png\" alt=\"\" class=\"wp-image-993\" srcset=\"https:\/\/pbgproduction.com\/wp-content\/uploads\/2023\/01\/telechargement.png 310w, https:\/\/pbgproduction.com\/wp-content\/uploads\/2023\/01\/telechargement-300x158.png 300w\" sizes=\"auto, (max-width: 310px) 100vw, 310px\" \/><\/figure>\n<\/div><\/div>\n<\/div>\n\n\n\n<div class=\"wp-block-column is-vertically-aligned-center is-layout-flow wp-block-column-is-layout-flow\" style=\"flex-basis:50%\">\n<div class=\"wp-block-group is-layout-flow wp-block-group-is-layout-flow\"><div class=\"wp-block-group__inner-container\">\n<figure class=\"wp-block-image size-large\"><img loading=\"lazy\" decoding=\"async\" width=\"42\" height=\"42\" src=\"http:\/\/pbgproduction.com\/wp-content\/uploads\/2021\/06\/198768618_549146179433620_8448944999731457747_n.png\" alt=\"\" class=\"wp-image-719\"\/><\/figure>\n\n\n\n<h2 class=\"wp-block-heading\">Ils nous font confiance<\/h2>\n\n\n\n<p>Voici quelques unes des entreprises et organisations qui nous ont fait confiance pour de pr\u00e9c\u00e9dant projets<\/p>\n<\/div><\/div>\n<\/div>\n<\/div>\n<\/div><\/div>\n","protected":false},"excerpt":{"rendered":"<p>Notre equipe Chez PBG production nous allions comp\u00e9tences \u00e9v\u00e9nementielles et techniques pour vous offrir le meilleur de l&rsquo;audiovisuel au service de votre projet Pierre L&rsquo;expert image Sp\u00e9cialiste de l\u2019image depuis 18 ans, il a travaill\u00e9 sur toutes les formes de projets audiovisuels : \u00e9missions, concerts, comp\u00e9titions sportives internationales, \u00e9v\u00e9nements institutionnels. Il a l&rsquo;\u0153il, le souci &hellip;<\/p>\n<p class=\"read-more\"> <a class=\"\" href=\"https:\/\/pbgproduction.com\/index.php\/apropos\/\"> <span class=\"screen-reader-text\">A propos de nous<\/span> Lire la suite\u00a0\u00bb<\/a><\/p>\n","protected":false},"author":1,"featured_media":0,"parent":0,"menu_order":0,"comment_status":"closed","ping_status":"closed","template":"","meta":{"om_disable_all_campaigns":false,"_mi_skip_tracking":false,"site-sidebar-layout":"no-sidebar","site-content-layout":"plain-container","ast-global-header-display":"","ast-main-header-display":"","ast-hfb-above-header-display":"","ast-hfb-below-header-display":"","ast-hfb-mobile-header-display":"","site-post-title":"disabled","ast-breadcrumbs-content":"","ast-featured-img":"disabled","footer-sml-layout":"","theme-transparent-header-meta":"enabled","adv-header-id-meta":"","stick-header-meta":"","header-above-stick-meta":"","header-main-stick-meta":"","header-below-stick-meta":"","footnotes":""},"class_list":["post-297","page","type-page","status-publish","hentry"],"aioseo_notices":[],"_links":{"self":[{"href":"https:\/\/pbgproduction.com\/index.php\/wp-json\/wp\/v2\/pages\/297","targetHints":{"allow":["GET"]}}],"collection":[{"href":"https:\/\/pbgproduction.com\/index.php\/wp-json\/wp\/v2\/pages"}],"about":[{"href":"https:\/\/pbgproduction.com\/index.php\/wp-json\/wp\/v2\/types\/page"}],"author":[{"embeddable":true,"href":"https:\/\/pbgproduction.com\/index.php\/wp-json\/wp\/v2\/users\/1"}],"replies":[{"embeddable":true,"href":"https:\/\/pbgproduction.com\/index.php\/wp-json\/wp\/v2\/comments?post=297"}],"version-history":[{"count":22,"href":"https:\/\/pbgproduction.com\/index.php\/wp-json\/wp\/v2\/pages\/297\/revisions"}],"predecessor-version":[{"id":1006,"href":"https:\/\/pbgproduction.com\/index.php\/wp-json\/wp\/v2\/pages\/297\/revisions\/1006"}],"wp:attachment":[{"href":"https:\/\/pbgproduction.com\/index.php\/wp-json\/wp\/v2\/media?parent=297"}],"curies":[{"name":"wp","href":"https:\/\/api.w.org\/{rel}","templated":true}]}}